{"id":4251,"date":"2025-03-12T15:06:08","date_gmt":"2025-03-12T14:06:08","guid":{"rendered":"https:\/\/almuthschult.de\/?page_id=4251"},"modified":"2025-04-08T14:45:51","modified_gmt":"2025-04-08T12:45:51","slug":"kontakt","status":"publish","type":"page","link":"https:\/\/almuthschult.de\/en\/kontakt\/","title":{"rendered":"Contact"},"content":{"rendered":"<p style=\"\"><strong><span>Contact and Booking<\/span><\/strong><\/p>\n<p><span style=\"\"><img decoding=\"async\" alt=\"\" data-id=\"3651\" width=\"46\" data-init-width=\"880\" height=\"69\" data-init-height=\"1318\" title=\"Adidas3\" loading=\"lazy\" src=\"https:\/\/almuthschult.de\/wp-content\/uploads\/2023\/05\/Adidas3.jpg\" data-width=\"46\" data-height=\"69\" style=\"aspect-ratio: auto 880 \/ 1318;\" mt-d=\"-5\" ml-d=\"0\" center-v-d=\"false\"><\/span><\/p>\n<p style=\"\"><strong><span style=\"\">Almuth Schult<\/span><\/strong><\/p>\n<p style=\"\"><strong><span>World Goalkeeper, Olympic Champion &amp; TV Expert<\/span><\/strong><\/p>\n<p style=\"\">Die Welttorh\u00fcterin Almuth Schult zeigt Ihnen, wie Sie Ihre Ziele erreichen, Herausforderungen meistern und im Team gl\u00e4nzen! Gerne nehmen wir Kontakt mit Ihnen auf, um die Rahmendaten sowie m\u00f6gliche Termine zu kl\u00e4ren &#8211; einfach das Kontaktformular ausf\u00fcllen!<\/p>\n<p><span style=\"\"><img decoding=\"async\" alt=\"\" data-id=\"4210\" width=\"474\" data-init-width=\"1000\" height=\"474\" data-init-height=\"1000\" title=\"about-almuth\" loading=\"lazy\" src=\"https:\/\/almuthschult.de\/wp-content\/uploads\/2025\/03\/about-almuth.jpg\" data-width=\"474\" data-height=\"474\" style=\"aspect-ratio: auto 1000 \/ 1000;\" mt-d=\"-4.843999999999994\" ml-d=\"0\" center-v-d=\"false\" mt-t=\"0\" ml-t=\"0\"><\/span><\/p>\n<script type=\"text\/javascript\">var gform;gform||(document.addEventListener(\"gform_main_scripts_loaded\",function(){gform.scriptsLoaded=!0}),window.addEventListener(\"DOMContentLoaded\",function(){gform.domLoaded=!0}),gform={domLoaded:!1,scriptsLoaded:!1,initializeOnLoaded:function(o){gform.domLoaded&&gform.scriptsLoaded?o():!gform.domLoaded&&gform.scriptsLoaded?window.addEventListener(\"DOMContentLoaded\",o):document.addEventListener(\"gform_main_scripts_loaded\",o)},hooks:{action:{},filter:{}},addAction:function(o,n,r,t){gform.addHook(\"action\",o,n,r,t)},addFilter:function(o,n,r,t){gform.addHook(\"filter\",o,n,r,t)},doAction:function(o){gform.doHook(\"action\",o,arguments)},applyFilters:function(o){return gform.doHook(\"filter\",o,arguments)},removeAction:function(o,n){gform.removeHook(\"action\",o,n)},removeFilter:function(o,n,r){gform.removeHook(\"filter\",o,n,r)},addHook:function(o,n,r,t,i){null==gform.hooks[o][n]&&(gform.hooks[o][n]=[]);var e=gform.hooks[o][n];null==i&&(i=n+\"_\"+e.length),gform.hooks[o][n].push({tag:i,callable:r,priority:t=null==t?10:t})},doHook:function(n,o,r){var t;if(r=Array.prototype.slice.call(r,1),null!=gform.hooks[n][o]&&((o=gform.hooks[n][o]).sort(function(o,n){return o.priority-n.priority}),o.forEach(function(o){\"function\"!=typeof(t=o.callable)&&(t=window[t]),\"action\"==n?t.apply(null,r):r[0]=t.apply(null,r)})),\"filter\"==n)return r[0]},removeHook:function(o,n,t,i){var r;null!=gform.hooks[o][n]&&(r=(r=gform.hooks[o][n]).filter(function(o,n,r){return!!(null!=i&&i!=o.tag||null!=t&&t!=o.priority)}),gform.hooks[o][n]=r)}});<\/script>\n                <div class='gf_browser_gecko gform_wrapper gform_legacy_markup_wrapper gform-theme--no-framework' data-form-theme='legacy' data-form-index='0' id='gform_wrapper_1' ><form method='post' enctype='multipart\/form-data'  id='gform_1'  action='\/en\/wp-json\/wp\/v2\/pages\/4251\/' data-formid='1' novalidate data-trp-original-action=\"\/en\/wp-json\/wp\/v2\/pages\/4251\/\"><div class='gf_invisible ginput_recaptchav3' data-sitekey='6LeGl0krAAAAAAO-UaLqjrTl29593c-T0uhL0aED' data-tabindex='0'><input id=\"input_2d7a60f2b919364ce096d6d4aeca9888\" class=\"gfield_recaptcha_response\" type=\"hidden\" name=\"input_2d7a60f2b919364ce096d6d4aeca9888\" value=\"\"\/><\/div>\n                        <div class='gform-body gform_body'><ul id='gform_fields_1' class='gform_fields top_label form_sublabel_below description_below validation_below'><li id=\"field_1_8\" class=\"gfield gfield--type-select gfield--input-type-select gfield--width-full gfield_contains_required field_sublabel_below gfield--no-description field_description_below hidden_label field_validation_below gfield_visibility_visible\"  data-js-reload=\"field_1_8\" ><label class='gfield_label gform-field-label' for='input_1_8'>Theme<span class=\"gfield_required\"><span class=\"gfield_required gfield_required_asterisk\">*<\/span><\/span><\/label><div class='ginput_container ginput_container_select'><select name='input_8' id='input_1_8' class='large gfield_select'    aria-required=\"true\" aria-invalid=\"false\" ><option value='' selected='selected' class='gf_placeholder'>Please select<\/option><option value='Vortr\u00e4ge\/Keynotes' >Lectures\/Keynotes<\/option><option value='Presse\/Interviewanfragen' >Press\/Interview Inquiries<\/option><option value='Pers\u00f6nliches' >Personal<\/option><\/select><\/div><\/li><li id=\"field_1_1\" class=\"gfield gfield--type-name gfield--input-type-name gf_left_half field_sublabel_hidden_label gfield--no-description field_description_below hidden_label field_validation_below gfield_visibility_visible\"  data-js-reload=\"field_1_1\" ><label class='gfield_label gform-field-label gfield_label_before_complex' >Name<\/label><div class='ginput_complex ginput_container ginput_container--name no_prefix has_first_name no_middle_name no_last_name no_suffix gf_name_has_1 ginput_container_name gform-grid-row' id='input_1_1'>\n                            \n                            <span id='input_1_1_3_container' class='name_first gform-grid-col gform-grid-col--size-auto' >\n                                                    <input type='text' name='input_1.3' id='input_1_1_3' value=''   aria-required='false'   placeholder='Name'  \/>\n                                                    <label for='input_1_1_3' class='gform-field-label gform-field-label--type-sub hidden_sub_label screen-reader-text'>First<\/label>\n                                                <\/span>\n                            \n                            \n                            \n                        <\/div><\/li><li id=\"field_1_2\" class=\"gfield gfield--type-phone gfield--input-type-phone gf_right_half field_sublabel_below gfield--no-description field_description_below hidden_label field_validation_below gfield_visibility_visible\"  data-js-reload=\"field_1_2\" ><label class='gfield_label gform-field-label' for='input_1_2'>Telephone<\/label><div class='ginput_container ginput_container_phone'><input name='input_2' id='input_1_2' type='tel' value='' class='medium'  placeholder='Telephone'  aria-invalid=\"false\"   \/><\/div><\/li><li id=\"field_1_3\" class=\"gfield gfield--type-email gfield--input-type-email gf_left_half gfield_contains_required field_sublabel_below gfield--no-description field_description_below hidden_label field_validation_below gfield_visibility_visible\"  data-js-reload=\"field_1_3\" ><label class='gfield_label gform-field-label' for='input_1_3'>Email<span class=\"gfield_required\"><span class=\"gfield_required gfield_required_asterisk\">*<\/span><\/span><\/label><div class='ginput_container ginput_container_email'>\n                            <input name='input_3' id='input_1_3' type='email' value='' class='medium'   placeholder='Email' aria-required=\"true\" aria-invalid=\"false\"  \/>\n                        <\/div><\/li><li id=\"field_1_5\" class=\"gfield gfield--type-text gfield--input-type-text gf_right_half field_sublabel_below gfield--no-description field_description_below hidden_label field_validation_below gfield_visibility_visible\"  data-js-reload=\"field_1_5\" ><label class='gfield_label gform-field-label' for='input_1_5'>Company or Organization<\/label><div class='ginput_container ginput_container_text'><input name='input_5' id='input_1_5' type='text' value='' class='medium'    placeholder='Company or Organization'  aria-invalid=\"false\"   \/> <\/div><\/li><li id=\"field_1_4\" class=\"gfield gfield--type-textarea gfield--input-type-textarea field_sublabel_below gfield--no-description field_description_below hidden_label field_validation_below gfield_visibility_visible\"  data-js-reload=\"field_1_4\" ><label class='gfield_label gform-field-label' for='input_1_4'>Question or Comment<\/label><div class='ginput_container ginput_container_textarea'><textarea name='input_4' id='input_1_4' class='textarea medium'    placeholder='Question or Comment'  aria-invalid=\"false\"   rows='10' cols='50'><\/textarea><\/div><\/li><li id=\"field_1_7\" class=\"gfield gfield--type-hidden gfield--input-type-hidden gform_hidden field_sublabel_below gfield--no-description field_description_below field_validation_below gfield_visibility_visible\"  data-js-reload=\"field_1_7\" ><div class='ginput_container ginput_container_text'><input name='input_7' id='input_1_7' type='hidden' class='gform_hidden'  aria-invalid=\"false\" value='Almuth Schult - web' \/><\/div><\/li><li id=\"field_1_9\" class=\"gfield gfield--type-hidden gfield--input-type-hidden gfield--width-full gform_hidden field_sublabel_below gfield--no-description field_description_below field_validation_below gfield_visibility_visible\"  data-js-reload=\"field_1_9\" ><div class='ginput_container ginput_container_text'><input name='input_9' id='input_1_9' type='hidden' class='gform_hidden'  aria-invalid=\"false\" value='Almuth Schult' \/><\/div><\/li><li id=\"field_1_10\" class=\"gfield gfield--type-honeypot gform_validation_container field_sublabel_below gfield--has-description field_description_below field_validation_below gfield_visibility_visible\"  data-js-reload=\"field_1_10\" ><label class='gfield_label gform-field-label' for='input_1_10'>Comments<\/label><div class='ginput_container'><input name='input_10' id='input_1_10' type='text' value='' autocomplete='new-password'\/><\/div><div class='gfield_description' id='gfield_description_1_10'>This field is for validation purposes and should be left unchanged.<\/div><\/li><\/ul><\/div>\n        <div class='gform_footer top_label'> <input type='submit' id='gform_submit_button_1' class='gform_button button' value='Send inquiry'  onclick='if(window[\"gf_submitting_1\"]){return false;}  if( !jQuery(\"#gform_1\")[0].checkValidity || jQuery(\"#gform_1\")[0].checkValidity()){window[\"gf_submitting_1\"]=true;}  ' onkeypress='if( event.keyCode == 13 ){ if(window[\"gf_submitting_1\"]){return false;} if( !jQuery(\"#gform_1\")[0].checkValidity || jQuery(\"#gform_1\")[0].checkValidity()){window[\"gf_submitting_1\"]=true;}  jQuery(\"#gform_1\").trigger(\"submit\",[true]); }' \/> \n            <input type='hidden' class='gform_hidden' name='is_submit_1' value='1' \/>\n            <input type='hidden' class='gform_hidden' name='gform_submit' value='1' \/>\n            \n            <input type='hidden' class='gform_hidden' name='gform_unique_id' value='' \/>\n            <input type='hidden' class='gform_hidden' name='state_1' value='WyJbXSIsImQ1Y2FkYWJiNmY3MGUzZTBkMjkxOGUxZjg3OTlkNTFjIl0=' \/>\n            <input type='hidden' class='gform_hidden' name='gform_target_page_number_1' id='gform_target_page_number_1' value='0' \/>\n            <input type='hidden' class='gform_hidden' name='gform_source_page_number_1' id='gform_source_page_number_1' value='1' \/>\n            <input type='hidden' name='gform_field_values' value='' \/>\n            \n        <\/div>\n                        <input type=\"hidden\" name=\"trp-form-language\" value=\"en\"\/><\/form>\n                        <\/div><script type=\"text\/javascript\">\n\/* <![CDATA[ *\/\n gform.initializeOnLoaded( function() {gformInitSpinner( 1, 'https:\/\/almuthschult.de\/wp-content\/plugins\/gravityforms\/images\/spinner.svg', true );jQuery('#gform_ajax_frame_1').on('load',function(){var contents = jQuery(this).contents().find('*').html();var is_postback = contents.indexOf('GF_AJAX_POSTBACK') >= 0;if(!is_postback){return;}var form_content = jQuery(this).contents().find('#gform_wrapper_1');var is_confirmation = jQuery(this).contents().find('#gform_confirmation_wrapper_1').length > 0;var is_redirect = contents.indexOf('gformRedirect(){') >= 0;var is_form = form_content.length > 0 && ! is_redirect && ! is_confirmation;var mt = parseInt(jQuery('html').css('margin-top'), 10) + parseInt(jQuery('body').css('margin-top'), 10) + 100;if(is_form){jQuery('#gform_wrapper_1').html(form_content.html());if(form_content.hasClass('gform_validation_error')){jQuery('#gform_wrapper_1').addClass('gform_validation_error');} else {jQuery('#gform_wrapper_1').removeClass('gform_validation_error');}setTimeout( function() { \/* delay the scroll by 50 milliseconds to fix a bug in chrome *\/  }, 50 );if(window['gformInitDatepicker']) {gformInitDatepicker();}if(window['gformInitPriceFields']) {gformInitPriceFields();}var current_page = jQuery('#gform_source_page_number_1').val();gformInitSpinner( 1, 'https:\/\/almuthschult.de\/wp-content\/plugins\/gravityforms\/images\/spinner.svg', true );jQuery(document).trigger('gform_page_loaded', [1, current_page]);window['gf_submitting_1'] = false;}else if(!is_redirect){var confirmation_content = jQuery(this).contents().find('.GF_AJAX_POSTBACK').html();if(!confirmation_content){confirmation_content = contents;}jQuery('#gform_wrapper_1').replaceWith(confirmation_content);jQuery(document).trigger('gform_confirmation_loaded', [1]);window['gf_submitting_1'] = false;wp.a11y.speak(jQuery('#gform_confirmation_message_1').text());}else{jQuery('#gform_1').append(contents);if(window['gformRedirect']) {gformRedirect();}}jQuery(document).trigger(\"gform_pre_post_render\", [{ formId: \"1\", currentPage: \"current_page\", abort: function() { this.preventDefault(); } }]);                if (event && event.defaultPrevented) {                return;         }        const gformWrapperDiv = document.getElementById( \"gform_wrapper_1\" );        if ( gformWrapperDiv ) {            const visibilitySpan = document.createElement( \"span\" );            visibilitySpan.id = \"gform_visibility_test_1\";            gformWrapperDiv.insertAdjacentElement( \"afterend\", visibilitySpan );        }        const visibilityTestDiv = document.getElementById( \"gform_visibility_test_1\" );        let postRenderFired = false;                function triggerPostRender() {            if ( postRenderFired ) {                return;            }            postRenderFired = true;            jQuery( document ).trigger( 'gform_post_render', [1, current_page] );            gform.utils.trigger( { event: 'gform\/postRender', native: false, data: { formId: 1, currentPage: current_page } } );            if ( visibilityTestDiv ) {                visibilityTestDiv.parentNode.removeChild( visibilityTestDiv );            }        }        function debounce( func, wait, immediate ) {            var timeout;            return function() {                var context = this, args = arguments;                var later = function() {                    timeout = null;                    if ( !immediate ) func.apply( context, args );                };                var callNow = immediate && !timeout;                clearTimeout( timeout );                timeout = setTimeout( later, wait );                if ( callNow ) func.apply( context, args );            };        }        const debouncedTriggerPostRender = debounce( function() {            triggerPostRender();        }, 200 );        if ( visibilityTestDiv && visibilityTestDiv.offsetParent === null ) {            const observer = new MutationObserver( ( mutations ) => {                mutations.forEach( ( mutation ) => {                    if ( mutation.type === 'attributes' && visibilityTestDiv.offsetParent !== null ) {                        debouncedTriggerPostRender();                        observer.disconnect();                    }                });            });            observer.observe( document.body, {                attributes: true,                childList: false,                subtree: true,                attributeFilter: [ 'style', 'class' ],            });        } else {            triggerPostRender();        }    } );} ); \n\/* ]]> *\/\n<\/script>\n\n<p style=\"\">Please send autograph requests by mail, including a stamped self-addressed envelope, to:<\/p>\n<p style=\"\">\n<p style=\"\">Almuth SchultPostfach 111429431 L\u00fcchow<\/p>","protected":false},"excerpt":{"rendered":"<p>Kontakt und Buchung Almuth Schult Welttorh\u00fcterin, Olympiasiegerin &amp; TV-Expertin Die Welttorh\u00fcterin Almuth Schult zeigt Ihnen, wie Sie Ihre Ziele erreichen, Herausforderungen meistern und im Team gl\u00e4nzen! Gerne nehmen wir Kontakt mit Ihnen auf, um die Rahmendaten sowie m\u00f6gliche Termine zu kl\u00e4ren &#8211; einfach das Kontaktformular ausf\u00fcllen! Autogrammw\u00fcnsche richtet bitte postalisch inkl. einem frankierten R\u00fcckumschlag an: [&hellip;]<\/p>","protected":false},"author":1,"featured_media":4210,"parent":0,"menu_order":0,"comment_status":"closed","ping_status":"closed","template":"","meta":{"footnotes":""},"class_list":["post-4251","page","type-page","status-publish","has-post-thumbnail","hentry","post-wrapper","thrv_wrapper"],"yoast_head":"<!-- This site is optimized with the Yoast SEO plugin v24.6 - https:\/\/yoast.com\/wordpress\/plugins\/seo\/ -->\n<title>Jetzt Kontakt aufnehmen | Almuth Schult | Keynote Speaker<\/title>\n<meta name=\"description\" content=\"Buchen Sie Almuth Schult als Keynote-Speakerin und lassen Sie sich und Ihre Mitarbeiter von den Erfahrungen der Fu\u00dfballerin inspirieren und motivieren!\" \/>\n<meta name=\"robots\" content=\"index, follow, max-snippet:-1, max-image-preview:large, max-video-preview:-1\" \/>\n<link rel=\"canonical\" href=\"https:\/\/almuthschult.de\/en\/kontakt\/\" \/>\n<meta property=\"og:locale\" content=\"en_GB\" \/>\n<meta property=\"og:type\" content=\"article\" \/>\n<meta property=\"og:title\" content=\"Jetzt Kontakt aufnehmen | Almuth Schult | Keynote Speaker\" \/>\n<meta property=\"og:description\" content=\"Buchen Sie Almuth Schult als Keynote-Speakerin und lassen Sie sich und Ihre Mitarbeiter von den Erfahrungen der Fu\u00dfballerin inspirieren und motivieren!\" \/>\n<meta property=\"og:url\" content=\"https:\/\/almuthschult.de\/en\/kontakt\/\" \/>\n<meta property=\"og:site_name\" content=\"Almuth Schult\" \/>\n<meta property=\"article:modified_time\" content=\"2025-04-08T12:45:51+00:00\" \/>\n<meta property=\"og:image\" content=\"https:\/\/almuthschult.de\/wp-content\/uploads\/2025\/03\/about-almuth.jpg\" \/>\n\t<meta property=\"og:image:width\" content=\"1000\" \/>\n\t<meta property=\"og:image:height\" content=\"1000\" \/>\n\t<meta property=\"og:image:type\" content=\"image\/jpeg\" \/>\n<meta name=\"twitter:card\" content=\"summary_large_image\" \/>\n<meta name=\"twitter:title\" content=\"Jetzt Kontakt aufnehmen | Almuth Schult | Keynote Speaker\" \/>\n<meta name=\"twitter:description\" content=\"Buchen Sie Almuth Schult als Keynote-Speakerin und lassen Sie sich und Ihre Mitarbeiter von den Erfahrungen der Fu\u00dfballerin inspirieren und motivieren!\" \/>\n<meta name=\"twitter:image\" content=\"https:\/\/almuthschult.de\/wp-content\/uploads\/2025\/03\/about-almuth.jpg\" \/>\n<meta name=\"twitter:label1\" content=\"Estimated reading time\" \/>\n\t<meta name=\"twitter:data1\" content=\"2 minutes\" \/>\n<script type=\"application\/ld+json\" class=\"yoast-schema-graph\">{\"@context\":\"https:\/\/schema.org\",\"@graph\":[{\"@type\":\"WebPage\",\"@id\":\"https:\/\/almuthschult.de\/kontakt\/\",\"url\":\"https:\/\/almuthschult.de\/kontakt\/\",\"name\":\"Jetzt Kontakt aufnehmen | Almuth Schult | Keynote Speaker\",\"isPartOf\":{\"@id\":\"https:\/\/almuthschult.de\/#website\"},\"primaryImageOfPage\":{\"@id\":\"https:\/\/almuthschult.de\/kontakt\/#primaryimage\"},\"image\":{\"@id\":\"https:\/\/almuthschult.de\/kontakt\/#primaryimage\"},\"thumbnailUrl\":\"https:\/\/almuthschult.de\/wp-content\/uploads\/2025\/03\/about-almuth.jpg\",\"datePublished\":\"2025-03-12T14:06:08+00:00\",\"dateModified\":\"2025-04-08T12:45:51+00:00\",\"description\":\"Buchen Sie Almuth Schult als Keynote-Speakerin und lassen Sie sich und Ihre Mitarbeiter von den Erfahrungen der Fu\u00dfballerin inspirieren und motivieren!\",\"breadcrumb\":{\"@id\":\"https:\/\/almuthschult.de\/kontakt\/#breadcrumb\"},\"inLanguage\":\"en-GB\",\"potentialAction\":[{\"@type\":\"ReadAction\",\"target\":[\"https:\/\/almuthschult.de\/kontakt\/\"]}]},{\"@type\":\"ImageObject\",\"inLanguage\":\"en-GB\",\"@id\":\"https:\/\/almuthschult.de\/kontakt\/#primaryimage\",\"url\":\"https:\/\/almuthschult.de\/wp-content\/uploads\/2025\/03\/about-almuth.jpg\",\"contentUrl\":\"https:\/\/almuthschult.de\/wp-content\/uploads\/2025\/03\/about-almuth.jpg\",\"width\":1000,\"height\":1000},{\"@type\":\"BreadcrumbList\",\"@id\":\"https:\/\/almuthschult.de\/kontakt\/#breadcrumb\",\"itemListElement\":[{\"@type\":\"ListItem\",\"position\":1,\"name\":\"Home\",\"item\":\"https:\/\/almuthschult.de\/\"},{\"@type\":\"ListItem\",\"position\":2,\"name\":\"Kontakt\"}]},{\"@type\":\"WebSite\",\"@id\":\"https:\/\/almuthschult.de\/#website\",\"url\":\"https:\/\/almuthschult.de\/\",\"name\":\"Almuth Schult\",\"description\":\"\",\"potentialAction\":[{\"@type\":\"SearchAction\",\"target\":{\"@type\":\"EntryPoint\",\"urlTemplate\":\"https:\/\/almuthschult.de\/?s={search_term_string}\"},\"query-input\":{\"@type\":\"PropertyValueSpecification\",\"valueRequired\":true,\"valueName\":\"search_term_string\"}}],\"inLanguage\":\"en-GB\"}]}<\/script>\n<!-- \/ Yoast SEO plugin. -->","yoast_head_json":{"title":"Jetzt Kontakt aufnehmen | Almuth Schult | Keynote Speaker","description":"Buchen Sie Almuth Schult als Keynote-Speakerin und lassen Sie sich und Ihre Mitarbeiter von den Erfahrungen der Fu\u00dfballerin inspirieren und motivieren!","robots":{"index":"index","follow":"follow","max-snippet":"max-snippet:-1","max-image-preview":"max-image-preview:large","max-video-preview":"max-video-preview:-1"},"canonical":"https:\/\/almuthschult.de\/en\/kontakt\/","og_locale":"en_GB","og_type":"article","og_title":"Jetzt Kontakt aufnehmen | Almuth Schult | Keynote Speaker","og_description":"Buchen Sie Almuth Schult als Keynote-Speakerin und lassen Sie sich und Ihre Mitarbeiter von den Erfahrungen der Fu\u00dfballerin inspirieren und motivieren!","og_url":"https:\/\/almuthschult.de\/en\/kontakt\/","og_site_name":"Almuth Schult","article_modified_time":"2025-04-08T12:45:51+00:00","og_image":[{"width":1000,"height":1000,"url":"https:\/\/almuthschult.de\/wp-content\/uploads\/2025\/03\/about-almuth.jpg","type":"image\/jpeg"}],"twitter_card":"summary_large_image","twitter_title":"Jetzt Kontakt aufnehmen | Almuth Schult | Keynote Speaker","twitter_description":"Buchen Sie Almuth Schult als Keynote-Speakerin und lassen Sie sich und Ihre Mitarbeiter von den Erfahrungen der Fu\u00dfballerin inspirieren und motivieren!","twitter_image":"https:\/\/almuthschult.de\/wp-content\/uploads\/2025\/03\/about-almuth.jpg","twitter_misc":{"Estimated reading time":"2 minutes"},"schema":{"@context":"https:\/\/schema.org","@graph":[{"@type":"WebPage","@id":"https:\/\/almuthschult.de\/kontakt\/","url":"https:\/\/almuthschult.de\/kontakt\/","name":"Jetzt Kontakt aufnehmen | Almuth Schult | Keynote Speaker","isPartOf":{"@id":"https:\/\/almuthschult.de\/#website"},"primaryImageOfPage":{"@id":"https:\/\/almuthschult.de\/kontakt\/#primaryimage"},"image":{"@id":"https:\/\/almuthschult.de\/kontakt\/#primaryimage"},"thumbnailUrl":"https:\/\/almuthschult.de\/wp-content\/uploads\/2025\/03\/about-almuth.jpg","datePublished":"2025-03-12T14:06:08+00:00","dateModified":"2025-04-08T12:45:51+00:00","description":"Buchen Sie Almuth Schult als Keynote-Speakerin und lassen Sie sich und Ihre Mitarbeiter von den Erfahrungen der Fu\u00dfballerin inspirieren und motivieren!","breadcrumb":{"@id":"https:\/\/almuthschult.de\/kontakt\/#breadcrumb"},"inLanguage":"en-GB","potentialAction":[{"@type":"ReadAction","target":["https:\/\/almuthschult.de\/kontakt\/"]}]},{"@type":"ImageObject","inLanguage":"en-GB","@id":"https:\/\/almuthschult.de\/kontakt\/#primaryimage","url":"https:\/\/almuthschult.de\/wp-content\/uploads\/2025\/03\/about-almuth.jpg","contentUrl":"https:\/\/almuthschult.de\/wp-content\/uploads\/2025\/03\/about-almuth.jpg","width":1000,"height":1000},{"@type":"BreadcrumbList","@id":"https:\/\/almuthschult.de\/kontakt\/#breadcrumb","itemListElement":[{"@type":"ListItem","position":1,"name":"Home","item":"https:\/\/almuthschult.de\/"},{"@type":"ListItem","position":2,"name":"Kontakt"}]},{"@type":"WebSite","@id":"https:\/\/almuthschult.de\/#website","url":"https:\/\/almuthschult.de\/","name":"Almuth Schult","description":"","potentialAction":[{"@type":"SearchAction","target":{"@type":"EntryPoint","urlTemplate":"https:\/\/almuthschult.de\/?s={search_term_string}"},"query-input":{"@type":"PropertyValueSpecification","valueRequired":true,"valueName":"search_term_string"}}],"inLanguage":"en-GB"}]}},"_links":{"self":[{"href":"https:\/\/almuthschult.de\/en\/wp-json\/wp\/v2\/pages\/4251","targetHints":{"allow":["GET"]}}],"collection":[{"href":"https:\/\/almuthschult.de\/en\/wp-json\/wp\/v2\/pages"}],"about":[{"href":"https:\/\/almuthschult.de\/en\/wp-json\/wp\/v2\/types\/page"}],"author":[{"embeddable":true,"href":"https:\/\/almuthschult.de\/en\/wp-json\/wp\/v2\/users\/1"}],"replies":[{"embeddable":true,"href":"https:\/\/almuthschult.de\/en\/wp-json\/wp\/v2\/comments?post=4251"}],"version-history":[{"count":20,"href":"https:\/\/almuthschult.de\/en\/wp-json\/wp\/v2\/pages\/4251\/revisions"}],"predecessor-version":[{"id":4350,"href":"https:\/\/almuthschult.de\/en\/wp-json\/wp\/v2\/pages\/4251\/revisions\/4350"}],"wp:featuredmedia":[{"embeddable":true,"href":"https:\/\/almuthschult.de\/en\/wp-json\/wp\/v2\/media\/4210"}],"wp:attachment":[{"href":"https:\/\/almuthschult.de\/en\/wp-json\/wp\/v2\/media?parent=4251"}],"curies":[{"name":"wp","href":"https:\/\/api.w.org\/{rel}","templated":true}]}}